{"id":129,"date":"2024-07-15T03:24:37","date_gmt":"2024-07-15T03:24:37","guid":{"rendered":"https:\/\/viehealthcare.vn\/?page_id=129"},"modified":"2024-08-04T13:02:44","modified_gmt":"2024-08-04T06:02:44","slug":"chuyen-gia-tu-van","status":"publish","type":"page","link":"https:\/\/www.viehealthcare.com.vn\/en\/chuyen-gia-tu-van\/","title":{"rendered":"Chuy\u00ean gia t\u01b0 v\u1ea5n"},"content":{"rendered":"<div data-elementor-type=\"wp-page\" data-elementor-id=\"129\" class=\"elementor elementor-129\" data-elementor-post-type=\"page\">\n\t\t\t\t<div class=\"elementor-element elementor-element-4efef3d e-flex e-con-boxed e-con e-parent\" data-id=\"4efef3d\" data-element_type=\"container\" data-e-type=\"container\" data-settings=\"{&quot;background_background&quot;:&quot;classic&quot;}\">\n\t\t\t\t\t<div class=\"e-con-inner\">\n\t\t\t\t\t<\/div>\n\t\t\t\t<\/div>\n\t\t<div class=\"elementor-element elementor-element-8fdaf46 e-flex e-con-boxed e-con e-parent\" data-id=\"8fdaf46\" data-element_type=\"container\" data-e-type=\"container\">\n\t\t\t\t\t<div class=\"e-con-inner\">\n\t\t\t\t<div class=\"elementor-element elementor-element-45cec90 elementor-widget elementor-widget-heading\" data-id=\"45cec90\" data-element_type=\"widget\" data-e-type=\"widget\" data-widget_type=\"heading.default\">\n\t\t\t\t<div class=\"elementor-widget-container\">\n\t\t\t\t\t<h1 class=\"elementor-heading-title elementor-size-default\">Chuy\u00ean gia t\u01b0 v\u1ea5n<\/h1>\t\t\t\t<\/div>\n\t\t\t\t<\/div>\n\t\t\t\t\t<\/div>\n\t\t\t\t<\/div>\n\t\t<div class=\"elementor-element elementor-element-96fe43f e-flex e-con-boxed e-con e-parent\" data-id=\"96fe43f\" data-element_type=\"container\" data-e-type=\"container\">\n\t\t\t\t\t<div class=\"e-con-inner\">\n\t\t\t\t<div class=\"elementor-element elementor-element-554094a elementor-widget elementor-widget-taxonomy-filter\" data-id=\"554094a\" data-element_type=\"widget\" data-e-type=\"widget\" data-settings=\"{&quot;selected_element&quot;:&quot;932e581&quot;,&quot;taxonomy&quot;:&quot;category&quot;,&quot;item_alignment_horizontal&quot;:&quot;start&quot;,&quot;multiple_selection&quot;:&quot;no&quot;,&quot;horizontal_scroll&quot;:&quot;disable&quot;}\" data-widget_type=\"taxonomy-filter.default\">\n\t\t\t\t<div class=\"elementor-widget-container\">\n\t\t\t\t\t\t\t<search class=\"e-filter\" role=\"search\" data-base-url=\"https:\/\/www.viehealthcare.com.vn\/en\/\" data-page-num=\"1\">\n\t\t\t\n\t\t\t\t\t\t\t\t<\/search>\n\t\t\t\t\t\t<\/div>\n\t\t\t\t<\/div>\n\t\t\t\t<div class=\"elementor-element elementor-element-932e581 elementor-grid-1 elementor-grid-tablet-2 elementor-grid-mobile-1 elementor-widget elementor-widget-loop-grid\" data-id=\"932e581\" data-element_type=\"widget\" data-e-type=\"widget\" data-settings=\"{&quot;template_id&quot;:&quot;201&quot;,&quot;columns&quot;:1,&quot;row_gap&quot;:{&quot;unit&quot;:&quot;px&quot;,&quot;size&quot;:16,&quot;sizes&quot;:[]},&quot;row_gap_mobile&quot;:{&quot;unit&quot;:&quot;px&quot;,&quot;size&quot;:24,&quot;sizes&quot;:[]},&quot;_skin&quot;:&quot;post&quot;,&quot;columns_tablet&quot;:&quot;2&quot;,&quot;columns_mobile&quot;:&quot;1&quot;,&quot;edit_handle_selector&quot;:&quot;[data-elementor-type=\\&quot;loop-item\\&quot;]&quot;,&quot;row_gap_tablet&quot;:{&quot;unit&quot;:&quot;px&quot;,&quot;size&quot;:&quot;&quot;,&quot;sizes&quot;:[]}}\" data-widget_type=\"loop-grid.post\">\n\t\t\t\t<div class=\"elementor-widget-container\">\n\t\t\t\t\t\t\t<div class=\"e-loop-nothing-found-message\">\n\t\t<\/div>\n\t\t\t\t\t\t<\/div>\n\t\t\t\t<\/div>\n\t\t\t\t\t<\/div>\n\t\t\t\t<\/div>\n\t\t<div class=\"elementor-element elementor-element-1bbb1da e-flex e-con-boxed e-con e-parent\" data-id=\"1bbb1da\" data-element_type=\"container\" data-e-type=\"container\">\n\t\t\t\t\t<div class=\"e-con-inner\">\n\t\t<div class=\"elementor-element elementor-element-4fac4b2 e-con-full e-flex e-con e-child\" data-id=\"4fac4b2\" data-element_type=\"container\" data-e-type=\"container\" data-settings=\"{&quot;background_background&quot;:&quot;classic&quot;}\">\n\t\t\t\t<div class=\"elementor-element elementor-element-7bc0606 elementor-button-align-center elementor-widget__width-initial elementor-widget elementor-widget-form\" data-id=\"7bc0606\" data-element_type=\"widget\" data-e-type=\"widget\" data-settings=\"{&quot;step_next_label&quot;:&quot;Next&quot;,&quot;step_previous_label&quot;:&quot;Previous&quot;,&quot;button_width&quot;:&quot;100&quot;,&quot;step_type&quot;:&quot;number_text&quot;,&quot;step_icon_shape&quot;:&quot;circle&quot;}\" data-widget_type=\"form.default\">\n\t\t\t\t<div class=\"elementor-widget-container\">\n\t\t\t\t\t\t\t<form class=\"elementor-form\" method=\"post\" name=\"New Form\" action=\"\">\n\t\t\t<input type=\"hidden\" name=\"post_id\" value=\"129\"\/>\n\t\t\t<input type=\"hidden\" name=\"form_id\" value=\"7bc0606\"\/>\n\t\t\t<input type=\"hidden\" name=\"referer_title\" value=\"Chuy\u00ean gia t\u01b0 v\u1ea5n - Vie Healthcare\" \/>\n\n\t\t\t\t\t\t\t<input type=\"hidden\" name=\"queried_id\" value=\"129\"\/>\n\t\t\t\n\t\t\t<div class=\"elementor-form-fields-wrapper elementor-labels-above\">\n\t\t\t\t\t\t\t\t<div class=\"elementor-field-type-html elementor-field-group elementor-column elementor-field-group-field_cc1fc1e elementor-col-100\">\n\t\t\t\t\tG\u1eedi c\u00e2u h\u1ecfi c\u1ee7a b\u1ea1n\t\t\t\t<\/div>\n\t\t\t\t\t\t\t\t<div class=\"elementor-field-type-text elementor-field-group elementor-column elementor-field-group-name elementor-col-100 elementor-field-required elementor-mark-required\">\n\t\t\t\t\t\t\t\t\t\t\t\t<label for=\"form-field-name\" class=\"elementor-field-label\">\n\t\t\t\t\t\t\t\tT\u00ean kh\u00e1ch h\u00e0ng\t\t\t\t\t\t\t<\/label>\n\t\t\t\t\t\t\t\t\t\t\t\t\t\t<input size=\"1\" type=\"text\" name=\"form_fields[name]\" id=\"form-field-name\" class=\"elementor-field elementor-size-sm  elementor-field-textual\" required=\"required\">\n\t\t\t\t\t\t\t\t\t\t\t<\/div>\n\t\t\t\t\t\t\t\t<div class=\"elementor-field-type-tel elementor-field-group elementor-column elementor-field-group-field_e3da068 elementor-col-100 elementor-field-required elementor-mark-required\">\n\t\t\t\t\t\t\t\t\t\t\t\t<label for=\"form-field-field_e3da068\" class=\"elementor-field-label\">\n\t\t\t\t\t\t\t\tS\u1ed1 \u0111i\u1ec7n tho\u1ea1i\t\t\t\t\t\t\t<\/label>\n\t\t\t\t\t\t\t\t<input size=\"1\" type=\"tel\" name=\"form_fields[field_e3da068]\" id=\"form-field-field_e3da068\" class=\"elementor-field elementor-size-sm  elementor-field-textual\" required=\"required\" pattern=\"[0-9()#&amp;+*-=.]+\" title=\"Only numbers and phone characters (#, -, *, etc) are accepted.\" data-no-translation-title=\"\">\n\n\t\t\t\t\t\t<\/div>\n\t\t\t\t\t\t\t\t<div class=\"elementor-field-type-text elementor-field-group elementor-column elementor-field-group-field_678f212 elementor-col-100 elementor-field-required elementor-mark-required\">\n\t\t\t\t\t\t\t\t\t\t\t\t<label for=\"form-field-field_678f212\" class=\"elementor-field-label\">\n\t\t\t\t\t\t\t\tCh\u1ee7 \u0111\u1ec1\t\t\t\t\t\t\t<\/label>\n\t\t\t\t\t\t\t\t\t\t\t\t\t\t<input size=\"1\" type=\"text\" name=\"form_fields[field_678f212]\" id=\"form-field-field_678f212\" class=\"elementor-field elementor-size-sm  elementor-field-textual\" required=\"required\">\n\t\t\t\t\t\t\t\t\t\t\t<\/div>\n\t\t\t\t\t\t\t\t<div class=\"elementor-field-type-textarea elementor-field-group elementor-column elementor-field-group-message elementor-col-100 elementor-field-required elementor-mark-required\">\n\t\t\t\t\t\t\t\t\t\t\t\t<label for=\"form-field-message\" class=\"elementor-field-label\">\n\t\t\t\t\t\t\t\tC\u00e2u h\u1ecfi c\u1ee7a b\u1ea1n\t\t\t\t\t\t\t<\/label>\n\t\t\t\t\t\t<textarea class=\"elementor-field-textual elementor-field  elementor-size-sm\" name=\"form_fields[message]\" id=\"form-field-message\" rows=\"4\" placeholder=\"Message\" required=\"required\"><\/textarea>\t\t\t\t<\/div>\n\t\t\t\t\t\t\t\t<div class=\"elementor-field-group elementor-column elementor-field-type-submit elementor-col-100 e-form__buttons\">\n\t\t\t\t\t<button class=\"elementor-button elementor-size-sm\" type=\"submit\">\n\t\t\t\t\t\t<span class=\"elementor-button-content-wrapper\">\n\t\t\t\t\t\t\t\t\t\t\t\t\t\t\t\t\t\t\t\t\t\t<span class=\"elementor-button-text\">G\u1eedi<\/span>\n\t\t\t\t\t\t\t\t\t\t\t\t\t<\/span>\n\t\t\t\t\t<\/button>\n\t\t\t\t<\/div>\n\t\t\t<\/div>\n\t\t<input type=\"hidden\" name=\"trp-form-language\" value=\"en\"\/><\/form>\n\t\t\t\t\t\t<\/div>\n\t\t\t\t<\/div>\n\t\t\t\t<div class=\"elementor-element elementor-element-05dd28c elementor-widget__width-initial elementor-absolute elementor-hidden-mobile elementor-widget elementor-widget-image\" data-id=\"05dd28c\" data-element_type=\"widget\" data-e-type=\"widget\" data-settings=\"{&quot;_position&quot;:&quot;absolute&quot;}\" data-widget_type=\"image.default\">\n\t\t\t\t<div class=\"elementor-widget-container\">\n\t\t\t\t\t\t\t\t\t\t\t\t\t\t\t<img fetchpriority=\"high\" decoding=\"async\" width=\"1000\" height=\"1463\" src=\"https:\/\/viehealthcare.com.vn\/wp-content\/uploads\/2024\/07\/gui-cau-hoi-1000f.webp\" class=\"attachment-full size-full wp-image-233\" alt=\"\" srcset=\"https:\/\/viehealthcare.com.vn\/wp-content\/uploads\/2024\/07\/gui-cau-hoi-1000f.webp 1000w, https:\/\/viehealthcare.com.vn\/wp-content\/uploads\/2024\/07\/gui-cau-hoi-1000f-600x878.webp 600w, https:\/\/viehealthcare.com.vn\/wp-content\/uploads\/2024\/07\/gui-cau-hoi-1000f-205x300.webp 205w, https:\/\/viehealthcare.com.vn\/wp-content\/uploads\/2024\/07\/gui-cau-hoi-1000f-700x1024.webp 700w, https:\/\/viehealthcare.com.vn\/wp-content\/uploads\/2024\/07\/gui-cau-hoi-1000f-768x1124.webp 768w\" sizes=\"(max-width: 1000px) 100vw, 1000px\" \/>\t\t\t\t\t\t\t\t\t\t\t\t\t\t\t<\/div>\n\t\t\t\t<\/div>\n\t\t\t\t<\/div>\n\t\t\t\t\t<\/div>\n\t\t\t\t<\/div>\n\t\t\t\t<\/div>","protected":false},"excerpt":{"rendered":"<p>H\u1ecfi v\u1ec1 Gout H\u1ecfi v\u1ec1 th\u1ef1c ph\u1ea9m ch\u1ee9c n\u0103ng<\/p>","protected":false},"author":1,"featured_media":0,"parent":0,"menu_order":0,"comment_status":"closed","ping_status":"closed","template":"elementor_header_footer","meta":{"_acf_changed":false,"footnotes":""},"class_list":["post-129","page","type-page","status-publish","hentry"],"acf":[],"yoast_head":"<!-- This site is optimized with the Yoast SEO plugin v26.4 - https:\/\/yoast.com\/wordpress\/plugins\/seo\/ -->\n<title>Chuy\u00ean gia t\u01b0 v\u1ea5n - Vie Healthcare<\/title>\n<meta name=\"robots\" content=\"index, follow, max-snippet:-1, max-image-preview:large, max-video-preview:-1\" \/>\n<link rel=\"canonical\" href=\"https:\/\/viehealthcare.vn\/chuyen-gia-tu-van\/\" \/>\n<meta property=\"og:locale\" content=\"en_US\" \/>\n<meta property=\"og:type\" content=\"article\" \/>\n<meta property=\"og:title\" content=\"Chuy\u00ean gia t\u01b0 v\u1ea5n - Vie Healthcare\" \/>\n<meta property=\"og:description\" content=\"H\u1ecfi v\u1ec1 Gout H\u1ecfi v\u1ec1 th\u1ef1c ph\u1ea9m ch\u1ee9c n\u0103ng\" \/>\n<meta property=\"og:url\" content=\"https:\/\/viehealthcare.vn\/chuyen-gia-tu-van\/\" \/>\n<meta property=\"og:site_name\" content=\"Vie Healthcare\" \/>\n<meta property=\"article:publisher\" content=\"https:\/\/www.facebook.com\/viehealthcarevn\" \/>\n<meta property=\"article:modified_time\" content=\"2024-08-04T06:02:44+00:00\" \/>\n<meta property=\"og:image\" content=\"https:\/\/viehealthcare.vn\/wp-content\/uploads\/2024\/07\/gui-cau-hoi-1000f.webp\" \/>\n<meta name=\"twitter:card\" content=\"summary_large_image\" \/>\n<script type=\"application\/ld+json\" class=\"yoast-schema-graph\">{\"@context\":\"https:\/\/schema.org\",\"@graph\":[{\"@type\":\"WebPage\",\"@id\":\"https:\/\/viehealthcare.vn\/chuyen-gia-tu-van\/\",\"url\":\"https:\/\/viehealthcare.vn\/chuyen-gia-tu-van\/\",\"name\":\"Chuy\u00ean gia t\u01b0 v\u1ea5n - Vie Healthcare\",\"isPartOf\":{\"@id\":\"https:\/\/viehealthcare.com.vn\/#website\"},\"primaryImageOfPage\":{\"@id\":\"https:\/\/viehealthcare.vn\/chuyen-gia-tu-van\/#primaryimage\"},\"image\":{\"@id\":\"https:\/\/viehealthcare.vn\/chuyen-gia-tu-van\/#primaryimage\"},\"thumbnailUrl\":\"https:\/\/viehealthcare.vn\/wp-content\/uploads\/2024\/07\/gui-cau-hoi-1000f.webp\",\"datePublished\":\"2024-07-15T03:24:37+00:00\",\"dateModified\":\"2024-08-04T06:02:44+00:00\",\"breadcrumb\":{\"@id\":\"https:\/\/viehealthcare.vn\/chuyen-gia-tu-van\/#breadcrumb\"},\"inLanguage\":\"en-US\",\"potentialAction\":[{\"@type\":\"ReadAction\",\"target\":[\"https:\/\/viehealthcare.vn\/chuyen-gia-tu-van\/\"]}]},{\"@type\":\"ImageObject\",\"inLanguage\":\"en-US\",\"@id\":\"https:\/\/viehealthcare.vn\/chuyen-gia-tu-van\/#primaryimage\",\"url\":\"https:\/\/viehealthcare.vn\/wp-content\/uploads\/2024\/07\/gui-cau-hoi-1000f.webp\",\"contentUrl\":\"https:\/\/viehealthcare.vn\/wp-content\/uploads\/2024\/07\/gui-cau-hoi-1000f.webp\"},{\"@type\":\"BreadcrumbList\",\"@id\":\"https:\/\/viehealthcare.vn\/chuyen-gia-tu-van\/#breadcrumb\",\"itemListElement\":[{\"@type\":\"ListItem\",\"position\":1,\"name\":\"Trang ch\u1ee7\",\"item\":\"https:\/\/viehealthcare.com.vn\/\"},{\"@type\":\"ListItem\",\"position\":2,\"name\":\"Chuy\u00ean gia t\u01b0 v\u1ea5n\"}]},{\"@type\":\"WebSite\",\"@id\":\"https:\/\/viehealthcare.com.vn\/#website\",\"url\":\"https:\/\/viehealthcare.com.vn\/\",\"name\":\"Vie Healthcare\",\"description\":\"\",\"publisher\":{\"@id\":\"https:\/\/viehealthcare.com.vn\/#organization\"},\"potentialAction\":[{\"@type\":\"SearchAction\",\"target\":{\"@type\":\"EntryPoint\",\"urlTemplate\":\"https:\/\/viehealthcare.com.vn\/?s={search_term_string}\"},\"query-input\":{\"@type\":\"PropertyValueSpecification\",\"valueRequired\":true,\"valueName\":\"search_term_string\"}}],\"inLanguage\":\"en-US\"},{\"@type\":\"Organization\",\"@id\":\"https:\/\/viehealthcare.com.vn\/#organization\",\"name\":\"Vie Healthcare\",\"url\":\"https:\/\/viehealthcare.com.vn\/\",\"logo\":{\"@type\":\"ImageObject\",\"inLanguage\":\"en-US\",\"@id\":\"https:\/\/viehealthcare.com.vn\/#\/schema\/logo\/image\/\",\"url\":\"https:\/\/www.viehealthcare.com.vn\/wp-content\/uploads\/2025\/11\/logo-viehealth.webp\",\"contentUrl\":\"https:\/\/www.viehealthcare.com.vn\/wp-content\/uploads\/2025\/11\/logo-viehealth.webp\",\"width\":500,\"height\":204,\"caption\":\"Vie Healthcare\"},\"image\":{\"@id\":\"https:\/\/viehealthcare.com.vn\/#\/schema\/logo\/image\/\"},\"sameAs\":[\"https:\/\/www.facebook.com\/viehealthcarevn\"]}]}<\/script>\n<!-- \/ Yoast SEO plugin. -->","yoast_head_json":{"title":"Chuy\u00ean gia t\u01b0 v\u1ea5n - Vie Healthcare","robots":{"index":"index","follow":"follow","max-snippet":"max-snippet:-1","max-image-preview":"max-image-preview:large","max-video-preview":"max-video-preview:-1"},"canonical":"https:\/\/viehealthcare.vn\/chuyen-gia-tu-van\/","og_locale":"en_US","og_type":"article","og_title":"Chuy\u00ean gia t\u01b0 v\u1ea5n - Vie Healthcare","og_description":"H\u1ecfi v\u1ec1 Gout H\u1ecfi v\u1ec1 th\u1ef1c ph\u1ea9m ch\u1ee9c n\u0103ng","og_url":"https:\/\/viehealthcare.vn\/chuyen-gia-tu-van\/","og_site_name":"Vie Healthcare","article_publisher":"https:\/\/www.facebook.com\/viehealthcarevn","article_modified_time":"2024-08-04T06:02:44+00:00","og_image":[{"url":"https:\/\/viehealthcare.vn\/wp-content\/uploads\/2024\/07\/gui-cau-hoi-1000f.webp","type":"","width":"","height":""}],"twitter_card":"summary_large_image","schema":{"@context":"https:\/\/schema.org","@graph":[{"@type":"WebPage","@id":"https:\/\/viehealthcare.vn\/chuyen-gia-tu-van\/","url":"https:\/\/viehealthcare.vn\/chuyen-gia-tu-van\/","name":"Chuy\u00ean gia t\u01b0 v\u1ea5n - Vie Healthcare","isPartOf":{"@id":"https:\/\/viehealthcare.com.vn\/#website"},"primaryImageOfPage":{"@id":"https:\/\/viehealthcare.vn\/chuyen-gia-tu-van\/#primaryimage"},"image":{"@id":"https:\/\/viehealthcare.vn\/chuyen-gia-tu-van\/#primaryimage"},"thumbnailUrl":"https:\/\/viehealthcare.vn\/wp-content\/uploads\/2024\/07\/gui-cau-hoi-1000f.webp","datePublished":"2024-07-15T03:24:37+00:00","dateModified":"2024-08-04T06:02:44+00:00","breadcrumb":{"@id":"https:\/\/viehealthcare.vn\/chuyen-gia-tu-van\/#breadcrumb"},"inLanguage":"en-US","potentialAction":[{"@type":"ReadAction","target":["https:\/\/viehealthcare.vn\/chuyen-gia-tu-van\/"]}]},{"@type":"ImageObject","inLanguage":"en-US","@id":"https:\/\/viehealthcare.vn\/chuyen-gia-tu-van\/#primaryimage","url":"https:\/\/viehealthcare.vn\/wp-content\/uploads\/2024\/07\/gui-cau-hoi-1000f.webp","contentUrl":"https:\/\/viehealthcare.vn\/wp-content\/uploads\/2024\/07\/gui-cau-hoi-1000f.webp"},{"@type":"BreadcrumbList","@id":"https:\/\/viehealthcare.vn\/chuyen-gia-tu-van\/#breadcrumb","itemListElement":[{"@type":"ListItem","position":1,"name":"Trang ch\u1ee7","item":"https:\/\/viehealthcare.com.vn\/"},{"@type":"ListItem","position":2,"name":"Chuy\u00ean gia t\u01b0 v\u1ea5n"}]},{"@type":"WebSite","@id":"https:\/\/viehealthcare.com.vn\/#website","url":"https:\/\/viehealthcare.com.vn\/","name":"Vie Healthcare","description":"","publisher":{"@id":"https:\/\/viehealthcare.com.vn\/#organization"},"potentialAction":[{"@type":"SearchAction","target":{"@type":"EntryPoint","urlTemplate":"https:\/\/viehealthcare.com.vn\/?s={search_term_string}"},"query-input":{"@type":"PropertyValueSpecification","valueRequired":true,"valueName":"search_term_string"}}],"inLanguage":"en-US"},{"@type":"Organization","@id":"https:\/\/viehealthcare.com.vn\/#organization","name":"Vie Healthcare","url":"https:\/\/viehealthcare.com.vn\/","logo":{"@type":"ImageObject","inLanguage":"en-US","@id":"https:\/\/viehealthcare.com.vn\/#\/schema\/logo\/image\/","url":"https:\/\/www.viehealthcare.com.vn\/wp-content\/uploads\/2025\/11\/logo-viehealth.webp","contentUrl":"https:\/\/www.viehealthcare.com.vn\/wp-content\/uploads\/2025\/11\/logo-viehealth.webp","width":500,"height":204,"caption":"Vie Healthcare"},"image":{"@id":"https:\/\/viehealthcare.com.vn\/#\/schema\/logo\/image\/"},"sameAs":["https:\/\/www.facebook.com\/viehealthcarevn"]}]}},"_links":{"self":[{"href":"https:\/\/www.viehealthcare.com.vn\/en\/wp-json\/wp\/v2\/pages\/129","targetHints":{"allow":["GET"]}}],"collection":[{"href":"https:\/\/www.viehealthcare.com.vn\/en\/wp-json\/wp\/v2\/pages"}],"about":[{"href":"https:\/\/www.viehealthcare.com.vn\/en\/wp-json\/wp\/v2\/types\/page"}],"author":[{"embeddable":true,"href":"https:\/\/www.viehealthcare.com.vn\/en\/wp-json\/wp\/v2\/users\/1"}],"replies":[{"embeddable":true,"href":"https:\/\/www.viehealthcare.com.vn\/en\/wp-json\/wp\/v2\/comments?post=129"}],"version-history":[{"count":64,"href":"https:\/\/www.viehealthcare.com.vn\/en\/wp-json\/wp\/v2\/pages\/129\/revisions"}],"predecessor-version":[{"id":682,"href":"https:\/\/www.viehealthcare.com.vn\/en\/wp-json\/wp\/v2\/pages\/129\/revisions\/682"}],"wp:attachment":[{"href":"https:\/\/www.viehealthcare.com.vn\/en\/wp-json\/wp\/v2\/media?parent=129"}],"curies":[{"name":"wp","href":"https:\/\/api.w.org\/{rel}","templated":true}]}}