{"id":1588,"date":"2025-05-26T22:10:51","date_gmt":"2025-05-26T15:10:51","guid":{"rendered":"https:\/\/viehealthcare.vn\/?page_id=1588"},"modified":"2025-06-05T08:10:48","modified_gmt":"2025-06-05T01:10:48","slug":"tuyen-dung","status":"publish","type":"page","link":"https:\/\/www.viehealthcare.com.vn\/en\/tuyen-dung\/","title":{"rendered":"Tuy\u1ec3n d\u1ee5ng"},"content":{"rendered":"<div data-elementor-type=\"wp-page\" data-elementor-id=\"1588\" class=\"elementor elementor-1588\" data-elementor-post-type=\"page\">\n\t\t\t\t<div class=\"elementor-element elementor-element-51737bdb e-con-full e-flex e-con e-parent\" data-id=\"51737bdb\" data-element_type=\"container\" data-e-type=\"container\" data-settings=\"{&quot;background_background&quot;:&quot;classic&quot;}\">\n\t\t\t\t<div class=\"elementor-element elementor-element-62751a75 animated-slow elementor-invisible elementor-widget elementor-widget-heading\" data-id=\"62751a75\" data-element_type=\"widget\" data-e-type=\"widget\" data-settings=\"{&quot;_animation&quot;:&quot;slideInUp&quot;}\" data-widget_type=\"heading.default\">\n\t\t\t\t<div class=\"elementor-widget-container\">\n\t\t\t\t\t<h2 class=\"elementor-heading-title elementor-size-default\">Tuy\u1ec3n D\u1ee5ng <\/h2>\t\t\t\t<\/div>\n\t\t\t\t<\/div>\n\t\t\t\t<\/div>\n\t\t<div class=\"elementor-element elementor-element-1634cca4 e-con-full e-flex e-con e-parent\" data-id=\"1634cca4\" data-element_type=\"container\" data-e-type=\"container\">\n\t\t<div class=\"elementor-element elementor-element-4a289238 e-con-full e-flex e-con e-child\" data-id=\"4a289238\" data-element_type=\"container\" data-e-type=\"container\">\n\t\t<div class=\"elementor-element elementor-element-3a5dc7a8 e-flex e-con-boxed e-con e-child\" data-id=\"3a5dc7a8\" data-element_type=\"container\" data-e-type=\"container\">\n\t\t\t\t\t<div class=\"e-con-inner\">\n\t\t<div class=\"elementor-element elementor-element-6a208a6 e-con-full e-flex e-con e-child\" data-id=\"6a208a6\" data-element_type=\"container\" data-e-type=\"container\">\n\t\t\t\t<div class=\"elementor-element elementor-element-26fa244 elementor-widget elementor-widget-heading\" data-id=\"26fa244\" data-element_type=\"widget\" data-e-type=\"widget\" data-widget_type=\"heading.default\">\n\t\t\t\t<div class=\"elementor-widget-container\">\n\t\t\t\t\t<h1 class=\"elementor-heading-title elementor-size-default\">V\u0103n ho\u00e1 c\u00f4ng ty <\/h1>\t\t\t\t<\/div>\n\t\t\t\t<\/div>\n\t\t\t\t<div class=\"elementor-element elementor-element-16777eb elementor-widget__width-initial elementor-widget elementor-widget-text-editor\" data-id=\"16777eb\" data-element_type=\"widget\" data-e-type=\"widget\" data-widget_type=\"text-editor.default\">\n\t\t\t\t<div class=\"elementor-widget-container\">\n\t\t\t\t\t\t\t\t\t<p>V\u0103n h\u00f3a Vie Healthcare \u0111\u01b0\u1ee3c x\u00e2y d\u1ef1ng d\u1ef1a tr\u00ean 5 gi\u00e1 tr\u1ecb cho m\u1ecdi ho\u1ea1t \u0111\u1ed9ng v\u00e0 h\u00e0nh vi c\u1ee7a ch\u00fang t\u00f4i:<\/p><ul><li><b><\/b><strong><b>T\u1eadn t\u00e2m: <\/b><\/strong>Vie Healthcare\u00a0\u0111\u1eb7t s\u1ee9c kh\u1ecfe v\u00e0 s\u1ef1 h\u00e0i l\u00f2ng c\u1ee7a kh\u00e1ch h\u00e0ng l\u00ean h\u00e0ng \u0111\u1ea7u, l\u00e0m vi\u1ec7c v\u1edbi tinh th\u1ea7n tr\u00e1ch nhi\u1ec7m cao nh\u1ea5t.<\/li><li><b><\/b><strong><b>S\u00e1ng t\u1ea1o: <\/b><\/strong>Lu\u00f4n t\u00ecm ki\u1ebfm nh\u1eefng gi\u1ea3i ph\u00e1p m\u1edbi, \u0111\u1ed9t ph\u00e1 \u0111\u1ec3 n\u00e2ng cao ch\u1ea5t l\u01b0\u1ee3ng s\u1ea3n ph\u1ea9m v\u00e0 d\u1ecbch v\u1ee5.<\/li><li><b><\/b><strong><b>\u0110o\u00e0n k\u1ebft: <\/b><\/strong>X\u00e2y d\u1ef1ng m\u1ed9t t\u1eadp th\u1ec3 g\u1eafn k\u1ebft, h\u1ed7 tr\u1ee3 l\u1eabn nhau \u0111\u1ec3 c\u00f9ng \u0111\u1ea1t \u0111\u01b0\u1ee3c m\u1ee5c ti\u00eau chung.<\/li><li><b><\/b><strong><b>Chuy\u00ean nghi\u1ec7p: <\/b><\/strong>Lu\u00f4n tu\u00e2n th\u1ee7 c\u00e1c quy t\u1eafc \u0111\u1ea1o \u0111\u1ee9c ngh\u1ec1 nghi\u1ec7p, l\u00e0m vi\u1ec7c c\u00f3 t\u1ed5 ch\u1ee9c v\u00e0 hi\u1ec7u qu\u1ea3.<\/li><li><b><\/b><strong><b>Ph\u00e1t tri\u1ec3n b\u1ec1n v\u1eefng: <\/b><\/strong>Cam k\u1ebft mang l\u1ea1i gi\u00e1 tr\u1ecb l\u00e2u d\u00e0i cho c\u1ed9ng \u0111\u1ed3ng, \u0111\u1ed1i t\u00e1c v\u00e0 nh\u00e2n vi\u00ean.<\/li><\/ul>\t\t\t\t\t\t\t\t<\/div>\n\t\t\t\t<\/div>\n\t\t\t\t<\/div>\n\t\t\t\t\t<\/div>\n\t\t\t\t<\/div>\n\t\t\t\t<\/div>\n\t\t<div class=\"elementor-element elementor-element-7f6c90ba e-con-full e-flex elementor-invisible e-con e-child\" data-id=\"7f6c90ba\" data-element_type=\"container\" data-e-type=\"container\" data-settings=\"{&quot;background_background&quot;:&quot;classic&quot;,&quot;background_motion_fx_motion_fx_scrolling&quot;:&quot;yes&quot;,&quot;background_motion_fx_scale_effect&quot;:&quot;yes&quot;,&quot;background_motion_fx_scale_range&quot;:{&quot;unit&quot;:&quot;%&quot;,&quot;size&quot;:&quot;&quot;,&quot;sizes&quot;:{&quot;start&quot;:50,&quot;end&quot;:100}},&quot;animation&quot;:&quot;fadeInRight&quot;,&quot;background_motion_fx_scale_direction&quot;:&quot;out-in&quot;,&quot;background_motion_fx_scale_speed&quot;:{&quot;unit&quot;:&quot;px&quot;,&quot;size&quot;:4,&quot;sizes&quot;:[]},&quot;background_motion_fx_devices&quot;:[&quot;desktop&quot;,&quot;tablet&quot;,&quot;mobile&quot;]}\">\n\t\t\t\t<\/div>\n\t\t\t\t<\/div>\n\t\t<div class=\"elementor-element elementor-element-19c894f e-flex e-con-boxed e-con e-parent\" data-id=\"19c894f\" data-element_type=\"container\" data-e-type=\"container\">\n\t\t\t\t\t<div class=\"e-con-inner\">\n\t\t<div class=\"elementor-element elementor-element-9ac7569 e-con-full e-flex e-con e-child\" data-id=\"9ac7569\" data-element_type=\"container\" data-e-type=\"container\">\n\t\t<div class=\"elementor-element elementor-element-2117ed4 e-con-full e-flex e-con e-child\" data-id=\"2117ed4\" data-element_type=\"container\" data-e-type=\"container\">\n\t\t<div class=\"elementor-element elementor-element-c61916f e-con-full e-flex e-con e-child\" data-id=\"c61916f\" data-element_type=\"container\" data-e-type=\"container\">\n\t\t\t\t<div class=\"elementor-element elementor-element-84df76c elementor-widget elementor-widget-heading\" data-id=\"84df76c\" data-element_type=\"widget\" data-e-type=\"widget\" data-widget_type=\"heading.default\">\n\t\t\t\t<div class=\"elementor-widget-container\">\n\t\t\t\t\t<h3 class=\"elementor-heading-title elementor-size-default\">M\u00f4i tr\u01b0\u1eddng l\u00e0m vi\u1ec7c <\/h3>\t\t\t\t<\/div>\n\t\t\t\t<\/div>\n\t\t\t\t<div class=\"elementor-element elementor-element-544a7e2 elementor-widget elementor-widget-text-editor\" data-id=\"544a7e2\" data-element_type=\"widget\" data-e-type=\"widget\" data-widget_type=\"text-editor.default\">\n\t\t\t\t<div class=\"elementor-widget-container\">\n\t\t\t\t\t\t\t\t\t<p style=\"text-align: left;\">T\u1ea1i Vie Healthcare, ch\u00fang t\u00f4i tin r\u1eb1ng m\u1ed9t m\u00f4i tr\u01b0\u1eddng l\u00e0m vi\u1ec7c t\u1ed1t l\u00e0 n\u1ec1n t\u1ea3ng cho s\u1ef1 th\u00e0nh c\u00f4ng c\u1ee7a m\u1ed7i c\u00e1 nh\u00e2n v\u00e0 c\u1ee7a c\u1ea3 t\u1ed5 ch\u1ee9c. Ch\u00fang t\u00f4i x\u00e2y d\u1ef1ng m\u1ed9t m\u00f4i tr\u01b0\u1eddng l\u00e0m vi\u1ec7c chuy\u00ean nghi\u1ec7p, n\u0103ng \u0111\u1ed9ng v\u00e0 \u0111\u1ea7y c\u1ea3m h\u1ee9ng, n\u01a1i b\u1ea1n c\u00f3 th\u1ec3:<\/p>\n<ul>\n<li><b><\/b><strong><b>Ph\u00e1t tri\u1ec3n chuy\u00ean m\u00f4n kh\u00f4ng ng\u1eebng<\/b><\/strong><\/li>\n<li><b><\/b><strong><b>Th\u00fac \u0111\u1ea9y s\u1ef1 s\u00e1ng t\u1ea1o v\u00e0 \u0111\u1ed5i m\u1edbi<\/b><\/strong><\/li>\n<li><b><\/b><strong><b>\u0110\u01b0\u1ee3c ghi nh\u1eadn v\u00e0 t\u01b0\u1edfng th\u01b0\u1edfng x\u1ee9ng \u0111\u00e1ng<\/b><\/strong><\/li>\n<li><b><\/b><strong><b>C\u00e2n b\u1eb1ng gi\u1eefa c\u00f4ng vi\u1ec7c v\u00e0 cu\u1ed9c s\u1ed1ng<\/b><\/strong><\/li>\n<li><b><\/b><strong><b>Kh\u00f4ng gian l\u00e0m vi\u1ec7c hi\u1ec7n \u0111\u1ea1i v\u00e0 ti\u1ec7n nghi<\/b><\/strong><\/li>\n<\/ul>\t\t\t\t\t\t\t\t<\/div>\n\t\t\t\t<\/div>\n\t\t\t\t<\/div>\n\t\t\t\t<\/div>\n\t\t\t\t<\/div>\n\t\t<div class=\"elementor-element elementor-element-051e43a e-con-full e-flex e-con e-child\" data-id=\"051e43a\" data-element_type=\"container\" data-e-type=\"container\">\n\t\t<div class=\"elementor-element elementor-element-8f9b1e8 e-con-full e-flex e-con e-child\" data-id=\"8f9b1e8\" data-element_type=\"container\" data-e-type=\"container\">\n\t\t\t\t<div class=\"elementor-element elementor-element-092ccd7 elementor-invisible elementor-widget elementor-widget-image\" data-id=\"092ccd7\" data-element_type=\"widget\" data-e-type=\"widget\" data-settings=\"{&quot;_animation&quot;:&quot;fadeInUp&quot;}\" data-widget_type=\"image.default\">\n\t\t\t\t<div class=\"elementor-widget-container\">\n\t\t\t\t\t\t\t\t\t\t\t\t\t\t\t<img fetchpriority=\"high\" decoding=\"async\" width=\"1024\" height=\"576\" src=\"https:\/\/www.viehealthcare.com.vn\/wp-content\/uploads\/2025\/05\/Hinh-danh-thiep-canva-1024x576.png\" class=\"attachment-large size-large wp-image-1706\" alt=\"\" srcset=\"https:\/\/www.viehealthcare.com.vn\/wp-content\/uploads\/2025\/05\/Hinh-danh-thiep-canva-1024x576.png 1024w, https:\/\/www.viehealthcare.com.vn\/wp-content\/uploads\/2025\/05\/Hinh-danh-thiep-canva-600x338.png 600w, https:\/\/www.viehealthcare.com.vn\/wp-content\/uploads\/2025\/05\/Hinh-danh-thiep-canva-300x169.png 300w, https:\/\/www.viehealthcare.com.vn\/wp-content\/uploads\/2025\/05\/Hinh-danh-thiep-canva-768x432.png 768w, https:\/\/www.viehealthcare.com.vn\/wp-content\/uploads\/2025\/05\/Hinh-danh-thiep-canva-1536x864.png 1536w, https:\/\/www.viehealthcare.com.vn\/wp-content\/uploads\/2025\/05\/Hinh-danh-thiep-canva-18x10.png 18w, https:\/\/www.viehealthcare.com.vn\/wp-content\/uploads\/2025\/05\/Hinh-danh-thiep-canva.png 1680w\" sizes=\"(max-width: 1024px) 100vw, 1024px\" \/>\t\t\t\t\t\t\t\t\t\t\t\t\t\t\t<\/div>\n\t\t\t\t<\/div>\n\t\t\t\t<\/div>\n\t\t\t\t<\/div>\n\t\t\t\t\t<\/div>\n\t\t\t\t<\/div>\n\t\t<div class=\"elementor-element elementor-element-5128524 e-flex e-con-boxed e-con e-parent\" data-id=\"5128524\" data-element_type=\"container\" data-e-type=\"container\">\n\t\t\t\t\t<div class=\"e-con-inner\">\n\t\t\t\t<div class=\"elementor-element elementor-element-7b8ba2d0 animated-slow elementor-invisible elementor-widget elementor-widget-heading\" data-id=\"7b8ba2d0\" data-element_type=\"widget\" data-e-type=\"widget\" data-settings=\"{&quot;_animation&quot;:&quot;slideInUp&quot;}\" data-widget_type=\"heading.default\">\n\t\t\t\t<div class=\"elementor-widget-container\">\n\t\t\t\t\t<h2 class=\"elementor-heading-title elementor-size-default\">V\u1ecb tr\u00ed tuy\u1ec3n d\u1ee5ng <\/h2>\t\t\t\t<\/div>\n\t\t\t\t<\/div>\n\t\t<div class=\"elementor-element elementor-element-108393cc e-con-full e-flex elementor-invisible e-con e-child\" data-id=\"108393cc\" data-element_type=\"container\" data-e-type=\"container\" data-settings=\"{&quot;animation&quot;:&quot;fadeInUp&quot;}\">\n\t\t<div class=\"elementor-element elementor-element-284da791 e-con-full e-flex e-con e-child\" data-id=\"284da791\" data-element_type=\"container\" data-e-type=\"container\" data-settings=\"{&quot;background_background&quot;:&quot;classic&quot;}\">\n\t\t\t\t<div class=\"elementor-element elementor-element-415d34e4 elementor-position-left elementor-vertical-align-top elementor-widget elementor-widget-image-box\" data-id=\"415d34e4\" data-element_type=\"widget\" data-e-type=\"widget\" data-widget_type=\"image-box.default\">\n\t\t\t\t<div class=\"elementor-widget-container\">\n\t\t\t\t\t<div class=\"elementor-image-box-wrapper\"><figure class=\"elementor-image-box-img\"><img decoding=\"async\" width=\"1500\" height=\"1500\" src=\"https:\/\/www.viehealthcare.com.vn\/wp-content\/uploads\/2025\/05\/PNG-logo-version-1-1.png\" class=\"attachment-full size-full wp-image-1131\" alt=\"\" srcset=\"https:\/\/www.viehealthcare.com.vn\/wp-content\/uploads\/2025\/05\/PNG-logo-version-1-1.png 1500w, https:\/\/www.viehealthcare.com.vn\/wp-content\/uploads\/2025\/05\/PNG-logo-version-1-1-300x300.png 300w, https:\/\/www.viehealthcare.com.vn\/wp-content\/uploads\/2025\/05\/PNG-logo-version-1-1-100x100.png 100w, https:\/\/www.viehealthcare.com.vn\/wp-content\/uploads\/2025\/05\/PNG-logo-version-1-1-600x600.png 600w, https:\/\/www.viehealthcare.com.vn\/wp-content\/uploads\/2025\/05\/PNG-logo-version-1-1-1024x1024.png 1024w, https:\/\/www.viehealthcare.com.vn\/wp-content\/uploads\/2025\/05\/PNG-logo-version-1-1-150x150.png 150w, https:\/\/www.viehealthcare.com.vn\/wp-content\/uploads\/2025\/05\/PNG-logo-version-1-1-768x768.png 768w, https:\/\/www.viehealthcare.com.vn\/wp-content\/uploads\/2025\/05\/PNG-logo-version-1-1-12x12.png 12w\" sizes=\"(max-width: 1500px) 100vw, 1500px\" \/><\/figure><div class=\"elementor-image-box-content\"><h3 class=\"elementor-image-box-title\">Qu\u1ea3n l\u00fd kinh doanh ng\u00e0nh D\u01b0\u1ee3c - K\u00eanh ETC <\/h3><p class=\"elementor-image-box-description\">Vie Healthcare <\/p><\/div><\/div>\t\t\t\t<\/div>\n\t\t\t\t<\/div>\n\t\t<div class=\"elementor-element elementor-element-4b5577d e-con-full e-flex e-con e-child\" data-id=\"4b5577d\" data-element_type=\"container\" data-e-type=\"container\">\n\t\t\t\t<div class=\"elementor-element elementor-element-6b672c9 elementor-align-center elementor-widget elementor-widget-button\" data-id=\"6b672c9\" data-element_type=\"widget\" data-e-type=\"widget\" data-widget_type=\"button.default\">\n\t\t\t\t<div class=\"elementor-widget-container\">\n\t\t\t\t\t\t\t\t\t<div class=\"elementor-button-wrapper\">\n\t\t\t\t\t<a class=\"elementor-button elementor-button-link elementor-size-sm\" href=\"https:\/\/www.topcv.vn\/viec-lam\/quan-ly-kinh-doanh-nganh-duoc-kenh-etc\/1726911.html?ta_source=JobSearchList_LinkDetail&#038;u_sr_id=MbyBrW9fQK5SDWGlBu3gpCrBdAcBXqTVzjQF4ZBU_1748310849\">\n\t\t\t\t\t\t<span class=\"elementor-button-content-wrapper\">\n\t\t\t\t\t\t\t\t\t<span class=\"elementor-button-text\">\u1ee8ng tuy\u1ec3n <\/span>\n\t\t\t\t\t<\/span>\n\t\t\t\t\t<\/a>\n\t\t\t\t<\/div>\n\t\t\t\t\t\t\t\t<\/div>\n\t\t\t\t<\/div>\n\t\t\t\t<\/div>\n\t\t\t\t<\/div>\n\t\t<div class=\"elementor-element elementor-element-77645b5e e-con-full e-flex e-con e-child\" data-id=\"77645b5e\" data-element_type=\"container\" data-e-type=\"container\" data-settings=\"{&quot;background_background&quot;:&quot;classic&quot;}\">\n\t\t\t\t<div class=\"elementor-element elementor-element-c0bf175 elementor-position-left elementor-vertical-align-top elementor-widget elementor-widget-image-box\" data-id=\"c0bf175\" data-element_type=\"widget\" data-e-type=\"widget\" data-widget_type=\"image-box.default\">\n\t\t\t\t<div class=\"elementor-widget-container\">\n\t\t\t\t\t<div class=\"elementor-image-box-wrapper\"><figure class=\"elementor-image-box-img\"><img decoding=\"async\" width=\"1500\" height=\"1500\" src=\"https:\/\/www.viehealthcare.com.vn\/wp-content\/uploads\/2025\/02\/Logofavicon.png\" class=\"attachment-full size-full wp-image-887\" alt=\"\" srcset=\"https:\/\/www.viehealthcare.com.vn\/wp-content\/uploads\/2025\/02\/Logofavicon.png 1500w, https:\/\/www.viehealthcare.com.vn\/wp-content\/uploads\/2025\/02\/Logofavicon-300x300.png 300w, https:\/\/www.viehealthcare.com.vn\/wp-content\/uploads\/2025\/02\/Logofavicon-100x100.png 100w, https:\/\/www.viehealthcare.com.vn\/wp-content\/uploads\/2025\/02\/Logofavicon-600x600.png 600w, https:\/\/www.viehealthcare.com.vn\/wp-content\/uploads\/2025\/02\/Logofavicon-1024x1024.png 1024w, https:\/\/www.viehealthcare.com.vn\/wp-content\/uploads\/2025\/02\/Logofavicon-150x150.png 150w, https:\/\/www.viehealthcare.com.vn\/wp-content\/uploads\/2025\/02\/Logofavicon-768x768.png 768w, https:\/\/www.viehealthcare.com.vn\/wp-content\/uploads\/2025\/02\/Logofavicon-12x12.png 12w\" sizes=\"(max-width: 1500px) 100vw, 1500px\" \/><\/figure><div class=\"elementor-image-box-content\"><h3 class=\"elementor-image-box-title\">Tr\u00ecnh D\u01b0\u1ee3c Vi\u00ean ETC\/OTC<\/h3><p class=\"elementor-image-box-description\">Vie Healthcare<\/p><\/div><\/div>\t\t\t\t<\/div>\n\t\t\t\t<\/div>\n\t\t<div class=\"elementor-element elementor-element-71822db e-con-full e-flex e-con e-child\" data-id=\"71822db\" data-element_type=\"container\" data-e-type=\"container\">\n\t\t\t\t<div class=\"elementor-element elementor-element-2ec435c elementor-align-center elementor-widget elementor-widget-button\" data-id=\"2ec435c\" data-element_type=\"widget\" data-e-type=\"widget\" data-widget_type=\"button.default\">\n\t\t\t\t<div class=\"elementor-widget-container\">\n\t\t\t\t\t\t\t\t\t<div class=\"elementor-button-wrapper\">\n\t\t\t\t\t<a class=\"elementor-button elementor-button-link elementor-size-sm\" href=\"https:\/\/www.topcv.vn\/viec-lam\/trinh-duoc-vien-etc-otc\/1723230.html?ta_source=JobListInNormalCompany_LinkDetail\">\n\t\t\t\t\t\t<span class=\"elementor-button-content-wrapper\">\n\t\t\t\t\t\t\t\t\t<span class=\"elementor-button-text\">\u1ee8ng tuy\u1ec3n <\/span>\n\t\t\t\t\t<\/span>\n\t\t\t\t\t<\/a>\n\t\t\t\t<\/div>\n\t\t\t\t\t\t\t\t<\/div>\n\t\t\t\t<\/div>\n\t\t\t\t<\/div>\n\t\t\t\t<\/div>\n\t\t\t\t<\/div>\n\t\t\t\t\t<\/div>\n\t\t\t\t<\/div>\n\t\t<div class=\"elementor-element elementor-element-e4a0509 e-flex e-con-boxed e-con e-parent\" data-id=\"e4a0509\" data-element_type=\"container\" data-e-type=\"container\">\n\t\t\t\t\t<div class=\"e-con-inner\">\n\t\t\t\t\t<\/div>\n\t\t\t\t<\/div>\n\t\t\t\t<\/div>","protected":false},"excerpt":{"rendered":"<p>Tuy\u1ec3n D\u1ee5ng V\u0103n ho\u00e1 c\u00f4ng ty V\u0103n h\u00f3a Vie Healthcare \u0111\u01b0\u1ee3c x\u00e2y d\u1ef1ng d\u1ef1a tr\u00ean 5 gi\u00e1 tr\u1ecb cho m\u1ecdi ho\u1ea1t \u0111\u1ed9ng v\u00e0 h\u00e0nh vi c\u1ee7a ch\u00fang t\u00f4i: T\u1eadn t\u00e2m: Vie Healthcare\u00a0\u0111\u1eb7t s\u1ee9c kh\u1ecfe v\u00e0 s\u1ef1 h\u00e0i l\u00f2ng c\u1ee7a kh\u00e1ch h\u00e0ng l\u00ean h\u00e0ng \u0111\u1ea7u, l\u00e0m vi\u1ec7c v\u1edbi tinh th\u1ea7n tr\u00e1ch nhi\u1ec7m cao nh\u1ea5t. S\u00e1ng t\u1ea1o: [&hellip;]<\/p>","protected":false},"author":10,"featured_media":0,"parent":0,"menu_order":0,"comment_status":"closed","ping_status":"closed","template":"","meta":{"_acf_changed":false,"footnotes":""},"class_list":["post-1588","page","type-page","status-publish","hentry"],"acf":[],"yoast_head":"<!-- This site is optimized with the Yoast SEO plugin v26.4 - https:\/\/yoast.com\/wordpress\/plugins\/seo\/ -->\n<title>Tuy\u1ec3n d\u1ee5ng - Vie Healthcare<\/title>\n<meta name=\"robots\" content=\"index, follow, max-snippet:-1, max-image-preview:large, max-video-preview:-1\" \/>\n<link rel=\"canonical\" href=\"https:\/\/viehealthcare.com.vn\/tuyen-dung\/\" \/>\n<meta property=\"og:locale\" content=\"en_US\" \/>\n<meta property=\"og:type\" content=\"article\" \/>\n<meta property=\"og:title\" content=\"Tuy\u1ec3n d\u1ee5ng - Vie Healthcare\" \/>\n<meta property=\"og:description\" content=\"Tuy\u1ec3n D\u1ee5ng V\u0103n ho\u00e1 c\u00f4ng ty V\u0103n h\u00f3a Vie Healthcare \u0111\u01b0\u1ee3c x\u00e2y d\u1ef1ng d\u1ef1a tr\u00ean 5 gi\u00e1 tr\u1ecb cho m\u1ecdi ho\u1ea1t \u0111\u1ed9ng v\u00e0 h\u00e0nh vi c\u1ee7a ch\u00fang t\u00f4i: T\u1eadn t\u00e2m: Vie Healthcare\u00a0\u0111\u1eb7t s\u1ee9c kh\u1ecfe v\u00e0 s\u1ef1 h\u00e0i l\u00f2ng c\u1ee7a kh\u00e1ch h\u00e0ng l\u00ean h\u00e0ng \u0111\u1ea7u, l\u00e0m vi\u1ec7c v\u1edbi tinh th\u1ea7n tr\u00e1ch nhi\u1ec7m cao nh\u1ea5t. S\u00e1ng t\u1ea1o: [&hellip;]\" \/>\n<meta property=\"og:url\" content=\"https:\/\/viehealthcare.com.vn\/tuyen-dung\/\" \/>\n<meta property=\"og:site_name\" content=\"Vie Healthcare\" \/>\n<meta property=\"article:publisher\" content=\"https:\/\/www.facebook.com\/viehealthcarevn\" \/>\n<meta property=\"article:modified_time\" content=\"2025-06-05T01:10:48+00:00\" \/>\n<meta property=\"og:image\" content=\"https:\/\/viehealthcare.vn\/wp-content\/uploads\/2025\/05\/Hinh-danh-thiep-canva-1024x576.png\" \/>\n<meta name=\"twitter:card\" content=\"summary_large_image\" \/>\n<meta name=\"twitter:label1\" content=\"Est. reading time\" \/>\n\t<meta name=\"twitter:data1\" content=\"2 minutes\" \/>\n<script type=\"application\/ld+json\" class=\"yoast-schema-graph\">{\"@context\":\"https:\/\/schema.org\",\"@graph\":[{\"@type\":\"WebPage\",\"@id\":\"https:\/\/viehealthcare.com.vn\/tuyen-dung\/\",\"url\":\"https:\/\/viehealthcare.com.vn\/tuyen-dung\/\",\"name\":\"Tuy\u1ec3n d\u1ee5ng - Vie Healthcare\",\"isPartOf\":{\"@id\":\"https:\/\/viehealthcare.com.vn\/#website\"},\"primaryImageOfPage\":{\"@id\":\"https:\/\/viehealthcare.com.vn\/tuyen-dung\/#primaryimage\"},\"image\":{\"@id\":\"https:\/\/viehealthcare.com.vn\/tuyen-dung\/#primaryimage\"},\"thumbnailUrl\":\"https:\/\/viehealthcare.vn\/wp-content\/uploads\/2025\/05\/Hinh-danh-thiep-canva-1024x576.png\",\"datePublished\":\"2025-05-26T15:10:51+00:00\",\"dateModified\":\"2025-06-05T01:10:48+00:00\",\"breadcrumb\":{\"@id\":\"https:\/\/viehealthcare.com.vn\/tuyen-dung\/#breadcrumb\"},\"inLanguage\":\"en-US\",\"potentialAction\":[{\"@type\":\"ReadAction\",\"target\":[\"https:\/\/viehealthcare.com.vn\/tuyen-dung\/\"]}]},{\"@type\":\"ImageObject\",\"inLanguage\":\"en-US\",\"@id\":\"https:\/\/viehealthcare.com.vn\/tuyen-dung\/#primaryimage\",\"url\":\"https:\/\/viehealthcare.vn\/wp-content\/uploads\/2025\/05\/Hinh-danh-thiep-canva-1024x576.png\",\"contentUrl\":\"https:\/\/viehealthcare.vn\/wp-content\/uploads\/2025\/05\/Hinh-danh-thiep-canva-1024x576.png\"},{\"@type\":\"BreadcrumbList\",\"@id\":\"https:\/\/viehealthcare.com.vn\/tuyen-dung\/#breadcrumb\",\"itemListElement\":[{\"@type\":\"ListItem\",\"position\":1,\"name\":\"Trang ch\u1ee7\",\"item\":\"https:\/\/viehealthcare.com.vn\/\"},{\"@type\":\"ListItem\",\"position\":2,\"name\":\"Tuy\u1ec3n d\u1ee5ng\"}]},{\"@type\":\"WebSite\",\"@id\":\"https:\/\/viehealthcare.com.vn\/#website\",\"url\":\"https:\/\/viehealthcare.com.vn\/\",\"name\":\"Vie Healthcare\",\"description\":\"\",\"publisher\":{\"@id\":\"https:\/\/viehealthcare.com.vn\/#organization\"},\"potentialAction\":[{\"@type\":\"SearchAction\",\"target\":{\"@type\":\"EntryPoint\",\"urlTemplate\":\"https:\/\/viehealthcare.com.vn\/?s={search_term_string}\"},\"query-input\":{\"@type\":\"PropertyValueSpecification\",\"valueRequired\":true,\"valueName\":\"search_term_string\"}}],\"inLanguage\":\"en-US\"},{\"@type\":\"Organization\",\"@id\":\"https:\/\/viehealthcare.com.vn\/#organization\",\"name\":\"Vie Healthcare\",\"url\":\"https:\/\/viehealthcare.com.vn\/\",\"logo\":{\"@type\":\"ImageObject\",\"inLanguage\":\"en-US\",\"@id\":\"https:\/\/viehealthcare.com.vn\/#\/schema\/logo\/image\/\",\"url\":\"https:\/\/www.viehealthcare.com.vn\/wp-content\/uploads\/2025\/11\/logo-viehealth.webp\",\"contentUrl\":\"https:\/\/www.viehealthcare.com.vn\/wp-content\/uploads\/2025\/11\/logo-viehealth.webp\",\"width\":500,\"height\":204,\"caption\":\"Vie Healthcare\"},\"image\":{\"@id\":\"https:\/\/viehealthcare.com.vn\/#\/schema\/logo\/image\/\"},\"sameAs\":[\"https:\/\/www.facebook.com\/viehealthcarevn\"]}]}<\/script>\n<!-- \/ Yoast SEO plugin. -->","yoast_head_json":{"title":"Tuy\u1ec3n d\u1ee5ng - Vie Healthcare","robots":{"index":"index","follow":"follow","max-snippet":"max-snippet:-1","max-image-preview":"max-image-preview:large","max-video-preview":"max-video-preview:-1"},"canonical":"https:\/\/viehealthcare.com.vn\/tuyen-dung\/","og_locale":"en_US","og_type":"article","og_title":"Tuy\u1ec3n d\u1ee5ng - Vie Healthcare","og_description":"Tuy\u1ec3n D\u1ee5ng V\u0103n ho\u00e1 c\u00f4ng ty V\u0103n h\u00f3a Vie Healthcare \u0111\u01b0\u1ee3c x\u00e2y d\u1ef1ng d\u1ef1a tr\u00ean 5 gi\u00e1 tr\u1ecb cho m\u1ecdi ho\u1ea1t \u0111\u1ed9ng v\u00e0 h\u00e0nh vi c\u1ee7a ch\u00fang t\u00f4i: T\u1eadn t\u00e2m: Vie Healthcare\u00a0\u0111\u1eb7t s\u1ee9c kh\u1ecfe v\u00e0 s\u1ef1 h\u00e0i l\u00f2ng c\u1ee7a kh\u00e1ch h\u00e0ng l\u00ean h\u00e0ng \u0111\u1ea7u, l\u00e0m vi\u1ec7c v\u1edbi tinh th\u1ea7n tr\u00e1ch nhi\u1ec7m cao nh\u1ea5t. S\u00e1ng t\u1ea1o: [&hellip;]","og_url":"https:\/\/viehealthcare.com.vn\/tuyen-dung\/","og_site_name":"Vie Healthcare","article_publisher":"https:\/\/www.facebook.com\/viehealthcarevn","article_modified_time":"2025-06-05T01:10:48+00:00","og_image":[{"url":"https:\/\/viehealthcare.vn\/wp-content\/uploads\/2025\/05\/Hinh-danh-thiep-canva-1024x576.png","type":"","width":"","height":""}],"twitter_card":"summary_large_image","twitter_misc":{"Est. reading time":"2 minutes"},"schema":{"@context":"https:\/\/schema.org","@graph":[{"@type":"WebPage","@id":"https:\/\/viehealthcare.com.vn\/tuyen-dung\/","url":"https:\/\/viehealthcare.com.vn\/tuyen-dung\/","name":"Tuy\u1ec3n d\u1ee5ng - Vie Healthcare","isPartOf":{"@id":"https:\/\/viehealthcare.com.vn\/#website"},"primaryImageOfPage":{"@id":"https:\/\/viehealthcare.com.vn\/tuyen-dung\/#primaryimage"},"image":{"@id":"https:\/\/viehealthcare.com.vn\/tuyen-dung\/#primaryimage"},"thumbnailUrl":"https:\/\/viehealthcare.vn\/wp-content\/uploads\/2025\/05\/Hinh-danh-thiep-canva-1024x576.png","datePublished":"2025-05-26T15:10:51+00:00","dateModified":"2025-06-05T01:10:48+00:00","breadcrumb":{"@id":"https:\/\/viehealthcare.com.vn\/tuyen-dung\/#breadcrumb"},"inLanguage":"en-US","potentialAction":[{"@type":"ReadAction","target":["https:\/\/viehealthcare.com.vn\/tuyen-dung\/"]}]},{"@type":"ImageObject","inLanguage":"en-US","@id":"https:\/\/viehealthcare.com.vn\/tuyen-dung\/#primaryimage","url":"https:\/\/viehealthcare.vn\/wp-content\/uploads\/2025\/05\/Hinh-danh-thiep-canva-1024x576.png","contentUrl":"https:\/\/viehealthcare.vn\/wp-content\/uploads\/2025\/05\/Hinh-danh-thiep-canva-1024x576.png"},{"@type":"BreadcrumbList","@id":"https:\/\/viehealthcare.com.vn\/tuyen-dung\/#breadcrumb","itemListElement":[{"@type":"ListItem","position":1,"name":"Trang ch\u1ee7","item":"https:\/\/viehealthcare.com.vn\/"},{"@type":"ListItem","position":2,"name":"Tuy\u1ec3n d\u1ee5ng"}]},{"@type":"WebSite","@id":"https:\/\/viehealthcare.com.vn\/#website","url":"https:\/\/viehealthcare.com.vn\/","name":"Vie Healthcare","description":"","publisher":{"@id":"https:\/\/viehealthcare.com.vn\/#organization"},"potentialAction":[{"@type":"SearchAction","target":{"@type":"EntryPoint","urlTemplate":"https:\/\/viehealthcare.com.vn\/?s={search_term_string}"},"query-input":{"@type":"PropertyValueSpecification","valueRequired":true,"valueName":"search_term_string"}}],"inLanguage":"en-US"},{"@type":"Organization","@id":"https:\/\/viehealthcare.com.vn\/#organization","name":"Vie Healthcare","url":"https:\/\/viehealthcare.com.vn\/","logo":{"@type":"ImageObject","inLanguage":"en-US","@id":"https:\/\/viehealthcare.com.vn\/#\/schema\/logo\/image\/","url":"https:\/\/www.viehealthcare.com.vn\/wp-content\/uploads\/2025\/11\/logo-viehealth.webp","contentUrl":"https:\/\/www.viehealthcare.com.vn\/wp-content\/uploads\/2025\/11\/logo-viehealth.webp","width":500,"height":204,"caption":"Vie Healthcare"},"image":{"@id":"https:\/\/viehealthcare.com.vn\/#\/schema\/logo\/image\/"},"sameAs":["https:\/\/www.facebook.com\/viehealthcarevn"]}]}},"_links":{"self":[{"href":"https:\/\/www.viehealthcare.com.vn\/en\/wp-json\/wp\/v2\/pages\/1588","targetHints":{"allow":["GET"]}}],"collection":[{"href":"https:\/\/www.viehealthcare.com.vn\/en\/wp-json\/wp\/v2\/pages"}],"about":[{"href":"https:\/\/www.viehealthcare.com.vn\/en\/wp-json\/wp\/v2\/types\/page"}],"author":[{"embeddable":true,"href":"https:\/\/www.viehealthcare.com.vn\/en\/wp-json\/wp\/v2\/users\/10"}],"replies":[{"embeddable":true,"href":"https:\/\/www.viehealthcare.com.vn\/en\/wp-json\/wp\/v2\/comments?post=1588"}],"version-history":[{"count":48,"href":"https:\/\/www.viehealthcare.com.vn\/en\/wp-json\/wp\/v2\/pages\/1588\/revisions"}],"predecessor-version":[{"id":2052,"href":"https:\/\/www.viehealthcare.com.vn\/en\/wp-json\/wp\/v2\/pages\/1588\/revisions\/2052"}],"wp:attachment":[{"href":"https:\/\/www.viehealthcare.com.vn\/en\/wp-json\/wp\/v2\/media?parent=1588"}],"curies":[{"name":"wp","href":"https:\/\/api.w.org\/{rel}","templated":true}]}}