{"id":479,"date":"2024-07-26T22:15:19","date_gmt":"2024-07-26T15:15:19","guid":{"rendered":"https:\/\/viehealthcare.vn\/?page_id=479"},"modified":"2025-06-06T08:39:34","modified_gmt":"2025-06-06T01:39:34","slug":"chinh-sach-bao-mat","status":"publish","type":"page","link":"https:\/\/www.viehealthcare.com.vn\/en\/chinh-sach-bao-mat\/","title":{"rendered":"Ch\u00ednh s\u00e1ch b\u1ea3o m\u1eadt"},"content":{"rendered":"<div data-elementor-type=\"wp-page\" data-elementor-id=\"479\" class=\"elementor elementor-479\" data-elementor-post-type=\"page\">\n\t\t\t\t<div class=\"elementor-element elementor-element-c5d9e96 e-flex e-con-boxed e-con e-parent\" data-id=\"c5d9e96\" data-element_type=\"container\" data-e-type=\"container\">\n\t\t\t\t\t<div class=\"e-con-inner\">\n\t\t\t\t<div class=\"elementor-element elementor-element-b28e310 elementor-widget elementor-widget-heading\" data-id=\"b28e310\" data-element_type=\"widget\" data-e-type=\"widget\" data-widget_type=\"heading.default\">\n\t\t\t\t<div class=\"elementor-widget-container\">\n\t\t\t\t\t<h2 class=\"elementor-heading-title elementor-size-default\">Ch\u00ednh s\u00e1ch b\u1ea3o m\u1eadt<\/h2>\t\t\t\t<\/div>\n\t\t\t\t<\/div>\n\t\t\t\t\t<\/div>\n\t\t\t\t<\/div>\n\t\t<div class=\"elementor-element elementor-element-bd240b9 e-flex e-con-boxed e-con e-parent\" data-id=\"bd240b9\" data-element_type=\"container\" data-e-type=\"container\">\n\t\t\t\t\t<div class=\"e-con-inner\">\n\t\t\t\t<div class=\"elementor-element elementor-element-23dc519 elementor-widget elementor-widget-heading\" data-id=\"23dc519\" data-element_type=\"widget\" data-e-type=\"widget\" data-widget_type=\"heading.default\">\n\t\t\t\t<div class=\"elementor-widget-container\">\n\t\t\t\t\t<h2 class=\"elementor-heading-title elementor-size-default\">Gi\u1edbi thi\u1ec7u<\/h2>\t\t\t\t<\/div>\n\t\t\t\t<\/div>\n\t\t\t\t<div class=\"elementor-element elementor-element-ff8fa49 elementor-widget elementor-widget-text-editor\" data-id=\"ff8fa49\" data-element_type=\"widget\" data-e-type=\"widget\" data-widget_type=\"text-editor.default\">\n\t\t\t\t<div class=\"elementor-widget-container\">\n\t\t\t\t\t\t\t\t\t<div data-page-id=\"AfaqdmdFmoFtcyxOnorli3nbgo5\" data-docx-has-block-data=\"false\"><div class=\"ace-line ace-line old-record-id-HC9Od9cyQoO4VxxhwLWl4YRYgTg\">Trang th\u01b0\u01a1ng m\u1ea1i \u0111i\u1ec7n t\u1eed VIE HEALTHCARE (sau \u0111\u00e2y g\u1ecdi l\u00e0 &#8220;VIE HEALTHCARE&#8221;) ch\u00fang t\u00f4i hi\u1ec3u r\u00f5 t\u1ea7m quan tr\u1ecdng c\u1ee7a c\u00e1c th\u00f4ng tin m\u00e0 b\u1ea1n \u0111\u00e3 tin t\u01b0\u1edfng giao cho ch\u00fang t\u00f4i th\u00f4ng qua vi\u1ec7c \u0111\u0103ng k\u00fd t\u00e0i kho\u1ea3n v\u00e0 s\u1eed d\u1ee5ng VIE HEALTHCARE, bao g\u1ed3m nh\u01b0ng kh\u00f4ng gi\u1edbi h\u1ea1n c\u00e1c th\u00f4ng tin c\u1ee7a b\u1ea1n tr\u00ean VIE HEALTHCARE nh\u01b0: t\u00ean, tu\u1ed5i, \u0111\u1ecba ch\u1ec9, email, s\u1ed1 \u0111i\u1ec7n tho\u1ea1i, v\u1ecb tr\u00ed, c\u00e2u h\u1ecfi, b\u00ecnh lu\u1eadn chia s\u1ebb, t\u00ecm ki\u1ebfm, ho\u1ea1t \u0111\u1ed9ng mua h\u00e0ng&#8230; (sau \u0111\u00e2y g\u1ecdi l\u00e0 &#8220;Th\u00f4ng Tin Kh\u00e1ch H\u00e0ng&#8221;). Ch\u00fang t\u00f4i cam k\u1ebft s\u1eed d\u1ee5ng, chia s\u1ebb v\u00e0 b\u1ea3o m\u1eadt Th\u00f4ng Tin Kh\u00e1ch H\u00e0ng theo \u0111\u00fang quy \u0111\u1ecbnh ph\u00e1p lu\u1eadt v\u00e0 quy \u0111\u1ecbnh t\u1ea1i Ch\u00ednh s\u00e1ch b\u1ea3o m\u1eadt th\u00f4ng tin n\u00e0y.<\/div><\/div>\t\t\t\t\t\t\t\t<\/div>\n\t\t\t\t<\/div>\n\t\t\t\t<div class=\"elementor-element elementor-element-2d40338 elementor-widget elementor-widget-heading\" data-id=\"2d40338\" data-element_type=\"widget\" data-e-type=\"widget\" data-widget_type=\"heading.default\">\n\t\t\t\t<div class=\"elementor-widget-container\">\n\t\t\t\t\t<h2 class=\"elementor-heading-title elementor-size-default\">M\u1ee5c \u0111\u00edch v\u00e0 ph\u1ea1m vi s\u1eed d\u1ee5ng Th\u00f4ng Tin Kh\u00e1ch H\u00e0ng<\/h2>\t\t\t\t<\/div>\n\t\t\t\t<\/div>\n\t\t\t\t<div class=\"elementor-element elementor-element-19b9b14 elementor-widget elementor-widget-text-editor\" data-id=\"19b9b14\" data-element_type=\"widget\" data-e-type=\"widget\" data-widget_type=\"text-editor.default\">\n\t\t\t\t<div class=\"elementor-widget-container\">\n\t\t\t\t\t\t\t\t\t<div data-page-id=\"AfaqdmdFmoFtcyxOnorli3nbgo5\" data-docx-has-block-data=\"false\"><div class=\"ace-line ace-line old-record-id-HC9Od9cyQoO4VxxhwLWl4YRYgTg\"><div data-page-id=\"AfaqdmdFmoFtcyxOnorli3nbgo5\" data-docx-has-block-data=\"false\"><ul class=\"list-bullet1\"><li class=\"ace-line ace-line old-record-id-VMnUdvU12obv7gxBFoylDHYCgCd\" data-list=\"bullet\"><div>X\u1eed l\u00fd, th\u1ef1c hi\u1ec7n \u0111\u01a1n h\u00e0ng v\u00e0 c\u00e1c giao d\u1ecbch c\u1ee7a b\u1ea1n tr\u00ean VIE HEALTHCARE;<\/div><\/li><li class=\"ace-line ace-line old-record-id-SFPbdXuHkotTz3xFTdKlxqTJgcd\" data-list=\"bullet\"><div>Gi\u1edbi thi\u1ec7u c\u00e1c h\u00e0ng h\u00f3a, d\u1ecbch v\u1ee5 c\u00f3 th\u1ec3 ph\u00f9 h\u1ee3p v\u1edbi b\u1ea1n;<\/div><\/li><li class=\"ace-line ace-line old-record-id-GFnmdaeNzofS2FxCMF0liZFmgie\" data-list=\"bullet\"><div>Qu\u1ea3ng c\u00e1o, c\u1eadp nh\u1eadt nh\u1eefng th\u00f4ng tin m\u1edbi nh\u1ea5t v\u1ec1 h\u00e0ng h\u00f3a d\u1ecbch v\u1ee5, v\u1ec1 c\u00e1c ch\u01b0\u01a1ng tr\u00ecnh khuy\u1ebfn m\u1ea1i v\u00e0 v\u1ec1 c\u00e1c quy \u0111\u1ecbnh li\u00ean quan \u0111\u1ebfn VIE HEALTHCARE;<\/div><\/li><li class=\"ace-line ace-line old-record-id-MI9ZdPHzWoV6lfxKQbBlx37Bgbg\" data-list=\"bullet\"><div>Th\u1ef1c hi\u1ec7n c\u00e1c ho\u1ea1t \u0111\u1ed9ng kh\u1ea3o s\u00e1t, l\u1ea5y \u00fd ki\u1ebfn kh\u00e1ch h\u00e0ng;<\/div><\/li><li class=\"ace-line ace-line old-record-id-R7Szd2jOuoiSKHxqqjYl0yDhgWc\" data-list=\"bullet\"><div>Th\u1ed1ng k\u00ea, ph\u00e2n t\u00edch nh\u1eb1m c\u1ea3i thi\u1ec7n d\u1ecbch v\u1ee5 v\u00e0 c\u1ea3i thi\u1ec7n tr\u1ea3i nghi\u1ec7m ng\u01b0\u1eddi d\u00f9ng;<\/div><\/li><li class=\"ace-line ace-line old-record-id-UCnHdByvwooITLxeixDlZ7kngng\" data-list=\"bullet\"><div>Gi\u1ea3i quy\u1ebft c\u00e1c v\u1ea5n \u0111\u1ec1, tranh ch\u1ea5p (n\u1ebfu c\u00f3) li\u00ean quan \u0111\u1ebfn vi\u1ec7c s\u1eed d\u1ee5ng VIE HEALTHCARE;<\/div><\/li><li class=\"ace-line ace-line old-record-id-V8Dudr76doX50ux2coFlZ8MvgBd\" data-list=\"bullet\"><div>C\u00e1c m\u1ee5c \u0111\u00edch kh\u00e1c sau khi \u0111\u01b0\u1ee3c c\u1eadp nh\u1eadt v\u00e0 th\u00f4ng b\u00e1o t\u1edbi b\u1ea1n tr\u01b0\u1edbc khi \u00e1p d\u1ee5ng.<\/div><\/li><\/ul><\/div><\/div><\/div>\t\t\t\t\t\t\t\t<\/div>\n\t\t\t\t<\/div>\n\t\t\t\t<div class=\"elementor-element elementor-element-d86c1f0 elementor-widget elementor-widget-heading\" data-id=\"d86c1f0\" data-element_type=\"widget\" data-e-type=\"widget\" data-widget_type=\"heading.default\">\n\t\t\t\t<div class=\"elementor-widget-container\">\n\t\t\t\t\t<h2 class=\"elementor-heading-title elementor-size-default\">Cam k\u1ebft b\u1ea3o m\u1eadt Th\u00f4ng Tin Kh\u00e1ch H\u00e0ng<\/h2>\t\t\t\t<\/div>\n\t\t\t\t<\/div>\n\t\t\t\t<div class=\"elementor-element elementor-element-b3db1d8 elementor-widget elementor-widget-text-editor\" data-id=\"b3db1d8\" data-element_type=\"widget\" data-e-type=\"widget\" data-widget_type=\"text-editor.default\">\n\t\t\t\t<div class=\"elementor-widget-container\">\n\t\t\t\t\t\t\t\t\t<ul><li>Cam k\u1ebft ch\u1ec9 thu th\u1eadp, chia s\u1ebb v\u00e0 s\u1eed d\u1ee5ng Th\u00f4ng Tin Kh\u00e1ch H\u00e0ng ph\u00f9 h\u1ee3p Ch\u00ednh s\u00e1ch b\u1ea3o m\u1eadt th\u00f4ng tin n\u00e0y v\u00e0 ph\u00f9 h\u1ee3p quy \u0111\u1ecbnh ph\u00e1p lu\u1eadt;<\/li><li>Cam k\u1ebft b\u1ea3o m\u1eadt Th\u00f4ng Tin Kh\u00e1ch H\u00e0ng, kh\u00f4ng chia s\u1ebb, ti\u1ebft l\u1ed9 cho b\u1ea5t k\u1ef3 b\u00ean th\u1ee9 ba n\u00e0o kh\u00e1c;<\/li><li>B\u1ea5t k\u1ef3 thay \u0111\u1ed5i n\u00e0o v\u1ec1 Ch\u00ednh s\u00e1ch b\u1ea3o m\u1eadt s\u1ebd \u0111\u01b0\u1ee3c th\u00f4ng b\u00e1o v\u00e0 c\u1eadp nh\u1eadt tr\u00ean VIE HEALTHCARE<\/li><li>C\u00e1c b\u00ecnh lu\u1eadn, chia s\u1ebb v\u00e0 th\u00f4ng tin c\u00f4ng khai c\u1ee7a b\u1ea1n tr\u00ean VIE HEALTHCARE nh\u01b0 t\u00ean t\u00e0i kho\u1ea3n, c\u00e1c b\u00ecnh lu\u1eadn, chia s\u1ebb&#8230; c\u00f3 th\u1ec3 \u0111\u01b0\u1ee3c t\u00ecm th\u1ea5y, d\u1eabn chi\u1ebfu v\u00e0\/ho\u1eb7c l\u01b0u gi\u1eef t\u1ea1i c\u00e1c c\u00e1c b\u1ed9 m\u00e1y t\u00ecm ki\u1ebfm c\u1ee7a b\u00ean th\u1ee9 ba nh\u01b0 Google, Bing, Yahoo&#8230; Vi\u1ec7c s\u1eed d\u1ee5ng c\u00e1c th\u00f4ng tin c\u00f4ng khai c\u1ee7a b\u1ea1n t\u1eeb c\u00e1c b\u00ean th\u1ee9 ba n\u00e0y kh\u00f4ng thu\u1ed9c ph\u1ea1m vi \u0111i\u1ec1u ch\u1ec9nh c\u1ee7a Ch\u00ednh s\u00e1ch b\u1ea3o m\u1eadt n\u00e0y; v\u00e0<\/li><li>Tr\u01b0\u1eddng h\u1ee3p b\u1ea1n kh\u00f4ng mu\u1ed1n VIE HEALTHCARE ti\u1ebfp t\u1ee5c l\u01b0u tr\u1eef Th\u00f4ng Tin Kh\u00e1ch H\u00e0ng, b\u1ea1n vui l\u00f2ng g\u1eedi email y\u00eau c\u1ea7u \u0111\u1ebfn ch\u00fang t\u00f4i. Ch\u00fang t\u00f4i cam k\u1ebft x\u00f3a to\u00e0n b\u1ed9 th\u00f4ng tin c\u00f3 li\u00ean quan ngay sau khi nh\u1eadn \u0111\u01b0\u1ee3c email y\u00eau c\u1ea7u x\u00f3a th\u00f4ng tin t\u1eeb b\u1ea1n.<\/li><\/ul>\t\t\t\t\t\t\t\t<\/div>\n\t\t\t\t<\/div>\n\t\t\t\t<div class=\"elementor-element elementor-element-f7bde3c elementor-widget elementor-widget-heading\" data-id=\"f7bde3c\" data-element_type=\"widget\" data-e-type=\"widget\" data-widget_type=\"heading.default\">\n\t\t\t\t<div class=\"elementor-widget-container\">\n\t\t\t\t\t<h2 class=\"elementor-heading-title elementor-size-default\">Th\u1eddi gian v\u00e0 \u0111\u1ecba \u0111i\u1ec3m l\u01b0u tr\u1eef Th\u00f4ng Tin Kh\u00e1ch H\u00e0ng<\/h2>\t\t\t\t<\/div>\n\t\t\t\t<\/div>\n\t\t\t\t<div class=\"elementor-element elementor-element-d8fea86 elementor-widget elementor-widget-text-editor\" data-id=\"d8fea86\" data-element_type=\"widget\" data-e-type=\"widget\" data-widget_type=\"text-editor.default\">\n\t\t\t\t<div class=\"elementor-widget-container\">\n\t\t\t\t\t\t\t\t\t<div data-page-id=\"AfaqdmdFmoFtcyxOnorli3nbgo5\" data-docx-has-block-data=\"false\"><ul class=\"list-bullet1\"><li class=\"ace-line ace-line old-record-id-MSU5ds5xSosy1KxbzxwlggqTgZd\" data-list=\"bullet\"><div>Th\u00f4ng Tin Kh\u00e1ch H\u00e0ng c\u00f3 th\u1ec3 \u0111\u01b0\u1ee3c l\u01b0u tr\u1eef l\u00e2u d\u00e0i tr\u00ean VIE HEALTHCARE tr\u1eeb khi b\u1ea1n g\u1eedi email y\u00eau c\u1ea7u x\u00f3a b\u1ecf to\u00e0n b\u1ed9 Th\u00f4ng Tin Kh\u00e1ch H\u00e0ng tr\u00ean VIE HEALTHCARE.<\/div><\/li><li class=\"ace-line ace-line old-record-id-EcsudhHDYoi7ZZxYiO9lbHd0gNd\" data-list=\"bullet\"><div>Th\u00f4ng Tin Kh\u00e1ch H\u00e0ng s\u1ebd \u0111\u01b0\u1ee3c l\u01b0u gi\u1eef t\u1ea1i c\u00e1c m\u00e1y ch\u1ee7, trung t\u00e2m d\u1eef li\u1ec7u do VIE HEALTHCARE s\u1edf h\u1eefu ho\u1eb7c thu\u00ea l\u1ea1i t\u1eeb b\u00ean th\u1ee9 ba.<\/div><\/li><\/ul><\/div>\t\t\t\t\t\t\t\t<\/div>\n\t\t\t\t<\/div>\n\t\t\t\t<div class=\"elementor-element elementor-element-140d0d5 elementor-widget elementor-widget-heading\" data-id=\"140d0d5\" data-element_type=\"widget\" data-e-type=\"widget\" data-widget_type=\"heading.default\">\n\t\t\t\t<div class=\"elementor-widget-container\">\n\t\t\t\t\t<h2 class=\"elementor-heading-title elementor-size-default\">C\u01a1 ch\u1ebf ti\u1ebfp nh\u1eadn v\u00e0 gi\u1ea3i quy\u1ebft khi\u1ebfu n\u1ea1i<\/h2>\t\t\t\t<\/div>\n\t\t\t\t<\/div>\n\t\t\t\t<div class=\"elementor-element elementor-element-dd1d85a elementor-widget elementor-widget-text-editor\" data-id=\"dd1d85a\" data-element_type=\"widget\" data-e-type=\"widget\" data-widget_type=\"text-editor.default\">\n\t\t\t\t<div class=\"elementor-widget-container\">\n\t\t\t\t\t\t\t\t\t<p data-start=\"1991\" data-end=\"2194\">Ch\u00fang t\u00f4i ti\u1ebfp nh\u1eadn khi\u1ebfu n\u1ea1i qua email ho\u1eb7c hotline trong v\u00f2ng 7 ng\u00e0y k\u1ec3 t\u1eeb ng\u00e0y ph\u00e1t sinh s\u1ef1 c\u1ed1. Trong tr\u01b0\u1eddng h\u1ee3p th\u00f4ng tin c\u00e1 nh\u00e2n b\u1ecb s\u1eed d\u1ee5ng sai m\u1ee5c \u0111\u00edch ho\u1eb7c v\u01b0\u1ee3t ph\u1ea1m vi \u0111\u00e3 th\u00f4ng b\u00e1o, ch\u00fang t\u00f4i s\u1ebd:<\/p><ul data-start=\"2195\" data-end=\"2329\"><li data-start=\"2195\" data-end=\"2216\"><p data-start=\"2197\" data-end=\"2216\">Ti\u1ebfn h\u00e0nh x\u00e1c minh.<\/p><\/li><li data-start=\"2195\" data-end=\"2216\"><p data-start=\"2197\" data-end=\"2216\">Th\u1ef1c hi\u1ec7n bi\u1ec7n ph\u00e1p x\u1eed l\u00fd v\u00e0 kh\u1eafc ph\u1ee5c.<\/p><\/li><li data-start=\"2259\" data-end=\"2329\"><p data-start=\"2261\" data-end=\"2329\">Ph\u1ea3n h\u1ed3i k\u1ebft qu\u1ea3 x\u1eed l\u00fd \u0111\u1ebfn ng\u01b0\u1eddi ti\u00eau d\u00f9ng trong th\u1eddi gian s\u1edbm nh\u1ea5t.<\/p><\/li><\/ul>\t\t\t\t\t\t\t\t<\/div>\n\t\t\t\t<\/div>\n\t\t\t\t\t<\/div>\n\t\t\t\t<\/div>\n\t\t\t\t<\/div>","protected":false},"excerpt":{"rendered":"<p>Gi\u1edbi thi\u1ec7u Trang th\u01b0\u01a1ng m\u1ea1i \u0111i\u1ec7n t\u1eed VIE HEALTHCARE (sau \u0111\u00e2y g\u1ecdi l\u00e0 &#8220;VIE HEALTHCARE&#8221;) ch\u00fang t\u00f4i hi\u1ec3u r\u00f5 t\u1ea7m quan tr\u1ecdng c\u1ee7a c\u00e1c th\u00f4ng tin m\u00e0 b\u1ea1n \u0111\u00e3 tin t\u01b0\u1edfng giao cho ch\u00fang t\u00f4i th\u00f4ng qua vi\u1ec7c \u0111\u0103ng k\u00fd t\u00e0i kho\u1ea3n v\u00e0 s\u1eed d\u1ee5ng VIE HEALTHCARE, bao g\u1ed3m nh\u01b0ng kh\u00f4ng gi\u1edbi h\u1ea1n c\u00e1c th\u00f4ng [&hellip;]<\/p>","protected":false},"author":1,"featured_media":0,"parent":0,"menu_order":0,"comment_status":"closed","ping_status":"closed","template":"elementor_header_footer","meta":{"_acf_changed":false,"footnotes":""},"class_list":["post-479","page","type-page","status-publish","hentry"],"acf":[],"yoast_head":"<!-- This site is optimized with the Yoast SEO plugin v26.4 - https:\/\/yoast.com\/wordpress\/plugins\/seo\/ -->\n<title>Ch\u00ednh s\u00e1ch b\u1ea3o m\u1eadt - Vie Healthcare<\/title>\n<meta name=\"robots\" content=\"index, follow, max-snippet:-1, max-image-preview:large, max-video-preview:-1\" \/>\n<link rel=\"canonical\" href=\"https:\/\/viehealthcare.vn\/chinh-sach-bao-mat\/\" \/>\n<meta property=\"og:locale\" content=\"en_US\" \/>\n<meta property=\"og:type\" content=\"article\" \/>\n<meta property=\"og:title\" content=\"Ch\u00ednh s\u00e1ch b\u1ea3o m\u1eadt - Vie Healthcare\" \/>\n<meta property=\"og:description\" content=\"Gi\u1edbi thi\u1ec7u Trang th\u01b0\u01a1ng m\u1ea1i \u0111i\u1ec7n t\u1eed VIE HEALTHCARE (sau \u0111\u00e2y g\u1ecdi l\u00e0 &#8220;VIE HEALTHCARE&#8221;) ch\u00fang t\u00f4i hi\u1ec3u r\u00f5 t\u1ea7m quan tr\u1ecdng c\u1ee7a c\u00e1c th\u00f4ng tin m\u00e0 b\u1ea1n \u0111\u00e3 tin t\u01b0\u1edfng giao cho ch\u00fang t\u00f4i th\u00f4ng qua vi\u1ec7c \u0111\u0103ng k\u00fd t\u00e0i kho\u1ea3n v\u00e0 s\u1eed d\u1ee5ng VIE HEALTHCARE, bao g\u1ed3m nh\u01b0ng kh\u00f4ng gi\u1edbi h\u1ea1n c\u00e1c th\u00f4ng [&hellip;]\" \/>\n<meta property=\"og:url\" content=\"https:\/\/viehealthcare.vn\/chinh-sach-bao-mat\/\" \/>\n<meta property=\"og:site_name\" content=\"Vie Healthcare\" \/>\n<meta property=\"article:publisher\" content=\"https:\/\/www.facebook.com\/viehealthcarevn\" \/>\n<meta property=\"article:modified_time\" content=\"2025-06-06T01:39:34+00:00\" \/>\n<meta name=\"twitter:card\" content=\"summary_large_image\" \/>\n<meta name=\"twitter:label1\" content=\"Est. reading time\" \/>\n\t<meta name=\"twitter:data1\" content=\"5 minutes\" \/>\n<script type=\"application\/ld+json\" class=\"yoast-schema-graph\">{\"@context\":\"https:\/\/schema.org\",\"@graph\":[{\"@type\":\"WebPage\",\"@id\":\"https:\/\/viehealthcare.vn\/chinh-sach-bao-mat\/\",\"url\":\"https:\/\/viehealthcare.vn\/chinh-sach-bao-mat\/\",\"name\":\"Ch\u00ednh s\u00e1ch b\u1ea3o m\u1eadt - Vie Healthcare\",\"isPartOf\":{\"@id\":\"https:\/\/viehealthcare.com.vn\/#website\"},\"datePublished\":\"2024-07-26T15:15:19+00:00\",\"dateModified\":\"2025-06-06T01:39:34+00:00\",\"breadcrumb\":{\"@id\":\"https:\/\/viehealthcare.vn\/chinh-sach-bao-mat\/#breadcrumb\"},\"inLanguage\":\"en-US\",\"potentialAction\":[{\"@type\":\"ReadAction\",\"target\":[\"https:\/\/viehealthcare.vn\/chinh-sach-bao-mat\/\"]}]},{\"@type\":\"BreadcrumbList\",\"@id\":\"https:\/\/viehealthcare.vn\/chinh-sach-bao-mat\/#breadcrumb\",\"itemListElement\":[{\"@type\":\"ListItem\",\"position\":1,\"name\":\"Trang ch\u1ee7\",\"item\":\"https:\/\/viehealthcare.com.vn\/\"},{\"@type\":\"ListItem\",\"position\":2,\"name\":\"Ch\u00ednh s\u00e1ch b\u1ea3o m\u1eadt\"}]},{\"@type\":\"WebSite\",\"@id\":\"https:\/\/viehealthcare.com.vn\/#website\",\"url\":\"https:\/\/viehealthcare.com.vn\/\",\"name\":\"Vie Healthcare\",\"description\":\"\",\"publisher\":{\"@id\":\"https:\/\/viehealthcare.com.vn\/#organization\"},\"potentialAction\":[{\"@type\":\"SearchAction\",\"target\":{\"@type\":\"EntryPoint\",\"urlTemplate\":\"https:\/\/viehealthcare.com.vn\/?s={search_term_string}\"},\"query-input\":{\"@type\":\"PropertyValueSpecification\",\"valueRequired\":true,\"valueName\":\"search_term_string\"}}],\"inLanguage\":\"en-US\"},{\"@type\":\"Organization\",\"@id\":\"https:\/\/viehealthcare.com.vn\/#organization\",\"name\":\"Vie Healthcare\",\"url\":\"https:\/\/viehealthcare.com.vn\/\",\"logo\":{\"@type\":\"ImageObject\",\"inLanguage\":\"en-US\",\"@id\":\"https:\/\/viehealthcare.com.vn\/#\/schema\/logo\/image\/\",\"url\":\"https:\/\/www.viehealthcare.com.vn\/wp-content\/uploads\/2025\/11\/logo-viehealth.webp\",\"contentUrl\":\"https:\/\/www.viehealthcare.com.vn\/wp-content\/uploads\/2025\/11\/logo-viehealth.webp\",\"width\":500,\"height\":204,\"caption\":\"Vie Healthcare\"},\"image\":{\"@id\":\"https:\/\/viehealthcare.com.vn\/#\/schema\/logo\/image\/\"},\"sameAs\":[\"https:\/\/www.facebook.com\/viehealthcarevn\"]}]}<\/script>\n<!-- \/ Yoast SEO plugin. -->","yoast_head_json":{"title":"Ch\u00ednh s\u00e1ch b\u1ea3o m\u1eadt - Vie Healthcare","robots":{"index":"index","follow":"follow","max-snippet":"max-snippet:-1","max-image-preview":"max-image-preview:large","max-video-preview":"max-video-preview:-1"},"canonical":"https:\/\/viehealthcare.vn\/chinh-sach-bao-mat\/","og_locale":"en_US","og_type":"article","og_title":"Ch\u00ednh s\u00e1ch b\u1ea3o m\u1eadt - Vie Healthcare","og_description":"Gi\u1edbi thi\u1ec7u Trang th\u01b0\u01a1ng m\u1ea1i \u0111i\u1ec7n t\u1eed VIE HEALTHCARE (sau \u0111\u00e2y g\u1ecdi l\u00e0 &#8220;VIE HEALTHCARE&#8221;) ch\u00fang t\u00f4i hi\u1ec3u r\u00f5 t\u1ea7m quan tr\u1ecdng c\u1ee7a c\u00e1c th\u00f4ng tin m\u00e0 b\u1ea1n \u0111\u00e3 tin t\u01b0\u1edfng giao cho ch\u00fang t\u00f4i th\u00f4ng qua vi\u1ec7c \u0111\u0103ng k\u00fd t\u00e0i kho\u1ea3n v\u00e0 s\u1eed d\u1ee5ng VIE HEALTHCARE, bao g\u1ed3m nh\u01b0ng kh\u00f4ng gi\u1edbi h\u1ea1n c\u00e1c th\u00f4ng [&hellip;]","og_url":"https:\/\/viehealthcare.vn\/chinh-sach-bao-mat\/","og_site_name":"Vie Healthcare","article_publisher":"https:\/\/www.facebook.com\/viehealthcarevn","article_modified_time":"2025-06-06T01:39:34+00:00","twitter_card":"summary_large_image","twitter_misc":{"Est. reading time":"5 minutes"},"schema":{"@context":"https:\/\/schema.org","@graph":[{"@type":"WebPage","@id":"https:\/\/viehealthcare.vn\/chinh-sach-bao-mat\/","url":"https:\/\/viehealthcare.vn\/chinh-sach-bao-mat\/","name":"Ch\u00ednh s\u00e1ch b\u1ea3o m\u1eadt - Vie Healthcare","isPartOf":{"@id":"https:\/\/viehealthcare.com.vn\/#website"},"datePublished":"2024-07-26T15:15:19+00:00","dateModified":"2025-06-06T01:39:34+00:00","breadcrumb":{"@id":"https:\/\/viehealthcare.vn\/chinh-sach-bao-mat\/#breadcrumb"},"inLanguage":"en-US","potentialAction":[{"@type":"ReadAction","target":["https:\/\/viehealthcare.vn\/chinh-sach-bao-mat\/"]}]},{"@type":"BreadcrumbList","@id":"https:\/\/viehealthcare.vn\/chinh-sach-bao-mat\/#breadcrumb","itemListElement":[{"@type":"ListItem","position":1,"name":"Trang ch\u1ee7","item":"https:\/\/viehealthcare.com.vn\/"},{"@type":"ListItem","position":2,"name":"Ch\u00ednh s\u00e1ch b\u1ea3o m\u1eadt"}]},{"@type":"WebSite","@id":"https:\/\/viehealthcare.com.vn\/#website","url":"https:\/\/viehealthcare.com.vn\/","name":"Vie Healthcare","description":"","publisher":{"@id":"https:\/\/viehealthcare.com.vn\/#organization"},"potentialAction":[{"@type":"SearchAction","target":{"@type":"EntryPoint","urlTemplate":"https:\/\/viehealthcare.com.vn\/?s={search_term_string}"},"query-input":{"@type":"PropertyValueSpecification","valueRequired":true,"valueName":"search_term_string"}}],"inLanguage":"en-US"},{"@type":"Organization","@id":"https:\/\/viehealthcare.com.vn\/#organization","name":"Vie Healthcare","url":"https:\/\/viehealthcare.com.vn\/","logo":{"@type":"ImageObject","inLanguage":"en-US","@id":"https:\/\/viehealthcare.com.vn\/#\/schema\/logo\/image\/","url":"https:\/\/www.viehealthcare.com.vn\/wp-content\/uploads\/2025\/11\/logo-viehealth.webp","contentUrl":"https:\/\/www.viehealthcare.com.vn\/wp-content\/uploads\/2025\/11\/logo-viehealth.webp","width":500,"height":204,"caption":"Vie Healthcare"},"image":{"@id":"https:\/\/viehealthcare.com.vn\/#\/schema\/logo\/image\/"},"sameAs":["https:\/\/www.facebook.com\/viehealthcarevn"]}]}},"_links":{"self":[{"href":"https:\/\/www.viehealthcare.com.vn\/en\/wp-json\/wp\/v2\/pages\/479","targetHints":{"allow":["GET"]}}],"collection":[{"href":"https:\/\/www.viehealthcare.com.vn\/en\/wp-json\/wp\/v2\/pages"}],"about":[{"href":"https:\/\/www.viehealthcare.com.vn\/en\/wp-json\/wp\/v2\/types\/page"}],"author":[{"embeddable":true,"href":"https:\/\/www.viehealthcare.com.vn\/en\/wp-json\/wp\/v2\/users\/1"}],"replies":[{"embeddable":true,"href":"https:\/\/www.viehealthcare.com.vn\/en\/wp-json\/wp\/v2\/comments?post=479"}],"version-history":[{"count":19,"href":"https:\/\/www.viehealthcare.com.vn\/en\/wp-json\/wp\/v2\/pages\/479\/revisions"}],"predecessor-version":[{"id":2480,"href":"https:\/\/www.viehealthcare.com.vn\/en\/wp-json\/wp\/v2\/pages\/479\/revisions\/2480"}],"wp:attachment":[{"href":"https:\/\/www.viehealthcare.com.vn\/en\/wp-json\/wp\/v2\/media?parent=479"}],"curies":[{"name":"wp","href":"https:\/\/api.w.org\/{rel}","templated":true}]}}